{"id":159,"date":"2017-08-08T14:40:06","date_gmt":"2017-08-08T12:40:06","guid":{"rendered":"https:\/\/bentnotbroken-music.com\/?page_id=159"},"modified":"2021-05-05T15:57:15","modified_gmt":"2021-05-05T13:57:15","slug":"imprint","status":"publish","type":"page","link":"https:\/\/bentnotbroken-music.com\/en\/imprint\/","title":{"rendered":"Imprint"},"content":{"rendered":"<div class=\"wpb-content-wrapper\"><p><div class=\"vc_row wpb_row vc_row-fluid\"><div class=\"wpb_column vc_column_container vc_col-sm-12\"><div class=\"vc_column-inner\"><div class=\"wpb_wrapper\">\n\t<div class=\"wpb_text_column wpb_content_element\" >\n\t\t<div class=\"wpb_wrapper\">\n\t\t\t<p style=\"text-align: center;\"><b>Bent Not Broken<br \/>\n<\/b>J\u00f6rn Kachelriess<br \/>\nc\/o Yearning Communications<br \/>\nM\u00fchlgasse 7<br \/>\n82335 Berg<\/p>\n<p style=\"text-align: center;\">P +49 (0)8151 \/ 650 6213<br \/>\nF +49 (0)8151 650 6225<br \/>\nMail: <a href=\"mailto:joern@yearningrocks.com\">joern@yearningrocks.com<\/a><a href=\"mailto:t.haselbach@haselbach-te.de\"><br \/>\n<\/a>bentnotbroken-music.com<\/p>\n<p style=\"text-align: center;\">Responsible for the content according to German Law \u00a0\u00a7 55.Abs. 2 RStV.<br \/>\nJ\u00f6rn Kachelriess<\/p>\n<p style=\"text-align: center;\">Concept &amp; realization of this website<br \/>\nYearning Communications<br \/>\n<a href=\"https:\/\/yearning.de\">yearning.de<\/a><\/p>\n<p style=\"text-align: center;\">Photography on this website:<br \/>\nJ\u00f6rn Kachelriess,\u00a0Alina Kachelriess<\/p>\n<p>&nbsp;<\/p>\n<p><strong>And as the Silverfish Surfers are based in Germany, the rest of the imprint is in German.\u00a0<\/strong><\/p>\n<p><strong>Haftung f\u00fcr Inhalte<\/strong><\/p>\n<p>Die Inhalte dieser Website wurden mit gr\u00f6\u00dfter Sorgfalt erstellt. Alle Informationen und Erkl\u00e4rungen dieser Internetseiten sind jedoch unverbindlich. Silverfish Surfers \u00fcbernehmen f\u00fcr die Richtigkeit und Vollst\u00e4ndigkeit der Inhalte keine Gew\u00e4hr. Es werden keine Garantien \u00fcbernommen. Aus den Inhalten der Internetseiten ergeben sich keine Rechtsanspr\u00fcche. Fehler im Inhalt werden bei Kenntnis dar\u00fcber unverz\u00fcglich korrigiert. Die Inhalte der Internetseiten k\u00f6nnen durch zeitverz\u00f6gerte Aktualisierungen nicht permanent aktuell sein.<\/p>\n<p><strong>Haftung f\u00fcr externe Links<\/strong><\/p>\n<p>Diese Website enth\u00e4lt Verkn\u00fcpfungen zu Websites Dritter (&#8220;externe Links&#8221;). Diese Websites unterliegen der Haftung der jeweiligen Betreiber. Der Anbieter hat bei der erstmaligen Verkn\u00fcpfung der externen Links die fremden Inhalte daraufhin \u00fcberpr\u00fcft, ob etwaige Rechtsverst\u00f6\u00dfe bestehen. Zu dem Zeitpunkt waren keine Rechtsverst\u00f6\u00dfe ersichtlich. Der Anbieter hat keinerlei Einfluss auf die aktuelle und zuk\u00fcnftige Gestaltung und auf die Inhalte der verkn\u00fcpften Seiten. Das Setzen von externen Links bedeutet nicht, dass sich der Anbieter die hinter dem Verweis oder Link liegenden Inhalte zu Eigen macht. Eine st\u00e4ndige Kontrolle dieser externen Links ist f\u00fcr den Anbieter ohne konkrete Hinweise auf Rechtsverst\u00f6\u00dfe nicht zumutbar. Bei Kenntnis von Rechtsverst\u00f6\u00dfen werden jedoch derartige externe Links unverz\u00fcglich gel\u00f6scht.<\/p>\n<p><strong>Urheber- und Kennzeichenrecht<\/strong><\/p>\n<p>Die durch die Seitenbetreiber erstellten Inhalte und Werke auf diesen Seiten unterliegen dem deutschen Urheberrecht. Grafiken, Texte, Logos, Bilder usw. d\u00fcrfen nur nach schriftlicher Genehmigung durch Silverfish Surfers oder Yearning Communications GmbH &amp; Co Kg heruntergeladen, vervielf\u00e4ltigt, kopiert, ge\u00e4ndert, ver\u00f6ffentlicht oder in sonstiger Form genutzt werden. Bei etwaig genannten Produkt- und Firmennamen kann es sich um eingetragene Warenzeichen oder Marken handeln. Die unberechtigte Verwendung kann zu Schadensersatzanspr\u00fcchen und Unterlassungsanspr\u00fcchen f\u00fchren. Silverfish Surfers haften nicht f\u00fcr Sch\u00e4den, insbesondere nicht f\u00fcr unmittelbar und mittelbare Folgesch\u00e4den, Datenverluste, entgangene Gewinne, System- oder Produktionsausf\u00e4lle, die durch die Nutzung dieser Internetseiten oder das Herunterladen von Daten entsteht. Sollten Sie trotzdem auf eine Urheberrechtsverletzung aufmerksam werden, bitten wir um einen entsprechenden Hinweis. Bei Bekanntwerden von Rechtsverletzungen werden wir derartige Inhalte umgehend entfernen.<\/p>\n\n\t\t<\/div>\n\t<\/div>\n<\/div><\/div><\/div><\/div><div class=\"vc_row wpb_row vc_row-fluid\"><div class=\"wpb_column vc_column_container vc_col-sm-12\"><div class=\"vc_column-inner\"><div class=\"wpb_wrapper\">\n\t<div class=\"wpb_text_column wpb_content_element\" >\n\t\t<div class=\"wpb_wrapper\">\n\t\t\t<p style=\"text-align: center;\">\/\/ <a href=\"https:\/\/bentnotbroken-music.com\">back to home<\/a> \/\/<\/p>\n\n\t\t<\/div>\n\t<\/div>\n<\/div><\/div><\/div><\/div><\/p>\n<\/div>","protected":false},"excerpt":{"rendered":"Bent Not Broken J\u00f6rn Kachelriess c\/o Yearning Communications M\u00fchlgasse 7 82335 Berg P +49 (0)8151 \/ 650 6213 F +49 (0)8151 650 6225 Mail: joern@yearningrocks.com bentnotbroken-music.com Responsible for the content according to German Law \u00a0\u00a7 55.Abs. 2 RStV. J\u00f6rn Kachelriess Concept &amp; realization of this website Yearning Communications yearning.de Photography on this website: J\u00f6rn Kachelriess,\u00a0Alina [...]","protected":false},"author":1,"featured_media":685,"parent":0,"menu_order":0,"comment_status":"closed","ping_status":"closed","template":"","meta":{"_acf_changed":false,"footnotes":""},"class_list":["post-159","page","type-page","status-publish","has-post-thumbnail","hentry"],"acf":[],"yoast_head":"<!-- This site is optimized with the Yoast SEO plugin v27.2 - https:\/\/yoast.com\/product\/yoast-seo-wordpress\/ -->\n<title>Imprint - bentnotbroken<\/title>\n<meta name=\"robots\" content=\"index, follow, max-snippet:-1, max-image-preview:large, max-video-preview:-1\" \/>\n<link rel=\"canonical\" href=\"https:\/\/bentnotbroken-music.com\/imprint\/\" \/>\n<meta property=\"og:locale\" content=\"en_US\" \/>\n<meta property=\"og:type\" content=\"article\" \/>\n<meta property=\"og:title\" content=\"Imprint - bentnotbroken\" \/>\n<meta property=\"og:url\" content=\"https:\/\/bentnotbroken-music.com\/imprint\/\" \/>\n<meta property=\"og:site_name\" content=\"bentnotbroken\" \/>\n<meta property=\"article:modified_time\" content=\"2021-05-05T13:57:15+00:00\" \/>\n<meta property=\"og:image\" content=\"https:\/\/bentnotbroken-music.com\/wp-content\/uploads\/2017\/12\/BNB-bar-graul.jpg\" \/>\n\t<meta property=\"og:image:width\" content=\"900\" \/>\n\t<meta property=\"og:image:height\" content=\"601\" \/>\n\t<meta property=\"og:image:type\" content=\"image\/jpeg\" \/>\n<meta name=\"twitter:card\" content=\"summary_large_image\" \/>\n<meta name=\"twitter:label1\" content=\"Est. reading time\" \/>\n\t<meta name=\"twitter:data1\" content=\"2 minutes\" \/>\n<script type=\"application\/ld+json\" class=\"yoast-schema-graph\">{\"@context\":\"https:\/\/schema.org\",\"@graph\":[{\"@type\":\"WebPage\",\"@id\":\"https:\/\/bentnotbroken-music.com\/imprint\/\",\"url\":\"https:\/\/bentnotbroken-music.com\/imprint\/\",\"name\":\"Imprint - bentnotbroken\",\"isPartOf\":{\"@id\":\"https:\/\/bentnotbroken-music.com\/#website\"},\"primaryImageOfPage\":{\"@id\":\"https:\/\/bentnotbroken-music.com\/imprint\/#primaryimage\"},\"image\":{\"@id\":\"https:\/\/bentnotbroken-music.com\/imprint\/#primaryimage\"},\"thumbnailUrl\":\"https:\/\/bentnotbroken-music.com\/wp-content\/uploads\/2017\/12\/BNB-bar-graul.jpg\",\"datePublished\":\"2017-08-08T12:40:06+00:00\",\"dateModified\":\"2021-05-05T13:57:15+00:00\",\"breadcrumb\":{\"@id\":\"https:\/\/bentnotbroken-music.com\/imprint\/#breadcrumb\"},\"inLanguage\":\"en-US\",\"potentialAction\":[{\"@type\":\"ReadAction\",\"target\":[\"https:\/\/bentnotbroken-music.com\/imprint\/\"]}]},{\"@type\":\"ImageObject\",\"inLanguage\":\"en-US\",\"@id\":\"https:\/\/bentnotbroken-music.com\/imprint\/#primaryimage\",\"url\":\"https:\/\/bentnotbroken-music.com\/wp-content\/uploads\/2017\/12\/BNB-bar-graul.jpg\",\"contentUrl\":\"https:\/\/bentnotbroken-music.com\/wp-content\/uploads\/2017\/12\/BNB-bar-graul.jpg\",\"width\":900,\"height\":601},{\"@type\":\"BreadcrumbList\",\"@id\":\"https:\/\/bentnotbroken-music.com\/imprint\/#breadcrumb\",\"itemListElement\":[{\"@type\":\"ListItem\",\"position\":1,\"name\":\"Startseite\",\"item\":\"https:\/\/bentnotbroken-music.com\/\"},{\"@type\":\"ListItem\",\"position\":2,\"name\":\"Impressum\"}]},{\"@type\":\"WebSite\",\"@id\":\"https:\/\/bentnotbroken-music.com\/#website\",\"url\":\"https:\/\/bentnotbroken-music.com\/\",\"name\":\"bentnotbroken\",\"description\":\"handmade Munich rock\",\"potentialAction\":[{\"@type\":\"SearchAction\",\"target\":{\"@type\":\"EntryPoint\",\"urlTemplate\":\"https:\/\/bentnotbroken-music.com\/?s={search_term_string}\"},\"query-input\":{\"@type\":\"PropertyValueSpecification\",\"valueRequired\":true,\"valueName\":\"search_term_string\"}}],\"inLanguage\":\"en-US\"}]}<\/script>\n<!-- \/ Yoast SEO plugin. -->","yoast_head_json":{"title":"Imprint - bentnotbroken","robots":{"index":"index","follow":"follow","max-snippet":"max-snippet:-1","max-image-preview":"max-image-preview:large","max-video-preview":"max-video-preview:-1"},"canonical":"https:\/\/bentnotbroken-music.com\/imprint\/","og_locale":"en_US","og_type":"article","og_title":"Imprint - bentnotbroken","og_url":"https:\/\/bentnotbroken-music.com\/imprint\/","og_site_name":"bentnotbroken","article_modified_time":"2021-05-05T13:57:15+00:00","og_image":[{"width":900,"height":601,"url":"https:\/\/bentnotbroken-music.com\/wp-content\/uploads\/2017\/12\/BNB-bar-graul.jpg","type":"image\/jpeg"}],"twitter_card":"summary_large_image","twitter_misc":{"Est. reading time":"2 minutes"},"schema":{"@context":"https:\/\/schema.org","@graph":[{"@type":"WebPage","@id":"https:\/\/bentnotbroken-music.com\/imprint\/","url":"https:\/\/bentnotbroken-music.com\/imprint\/","name":"Imprint - bentnotbroken","isPartOf":{"@id":"https:\/\/bentnotbroken-music.com\/#website"},"primaryImageOfPage":{"@id":"https:\/\/bentnotbroken-music.com\/imprint\/#primaryimage"},"image":{"@id":"https:\/\/bentnotbroken-music.com\/imprint\/#primaryimage"},"thumbnailUrl":"https:\/\/bentnotbroken-music.com\/wp-content\/uploads\/2017\/12\/BNB-bar-graul.jpg","datePublished":"2017-08-08T12:40:06+00:00","dateModified":"2021-05-05T13:57:15+00:00","breadcrumb":{"@id":"https:\/\/bentnotbroken-music.com\/imprint\/#breadcrumb"},"inLanguage":"en-US","potentialAction":[{"@type":"ReadAction","target":["https:\/\/bentnotbroken-music.com\/imprint\/"]}]},{"@type":"ImageObject","inLanguage":"en-US","@id":"https:\/\/bentnotbroken-music.com\/imprint\/#primaryimage","url":"https:\/\/bentnotbroken-music.com\/wp-content\/uploads\/2017\/12\/BNB-bar-graul.jpg","contentUrl":"https:\/\/bentnotbroken-music.com\/wp-content\/uploads\/2017\/12\/BNB-bar-graul.jpg","width":900,"height":601},{"@type":"BreadcrumbList","@id":"https:\/\/bentnotbroken-music.com\/imprint\/#breadcrumb","itemListElement":[{"@type":"ListItem","position":1,"name":"Startseite","item":"https:\/\/bentnotbroken-music.com\/"},{"@type":"ListItem","position":2,"name":"Impressum"}]},{"@type":"WebSite","@id":"https:\/\/bentnotbroken-music.com\/#website","url":"https:\/\/bentnotbroken-music.com\/","name":"bentnotbroken","description":"handmade Munich rock","potentialAction":[{"@type":"SearchAction","target":{"@type":"EntryPoint","urlTemplate":"https:\/\/bentnotbroken-music.com\/?s={search_term_string}"},"query-input":{"@type":"PropertyValueSpecification","valueRequired":true,"valueName":"search_term_string"}}],"inLanguage":"en-US"}]}},"_links":{"self":[{"href":"https:\/\/bentnotbroken-music.com\/en\/wp-json\/wp\/v2\/pages\/159","targetHints":{"allow":["GET"]}}],"collection":[{"href":"https:\/\/bentnotbroken-music.com\/en\/wp-json\/wp\/v2\/pages"}],"about":[{"href":"https:\/\/bentnotbroken-music.com\/en\/wp-json\/wp\/v2\/types\/page"}],"author":[{"embeddable":true,"href":"https:\/\/bentnotbroken-music.com\/en\/wp-json\/wp\/v2\/users\/1"}],"replies":[{"embeddable":true,"href":"https:\/\/bentnotbroken-music.com\/en\/wp-json\/wp\/v2\/comments?post=159"}],"version-history":[{"count":3,"href":"https:\/\/bentnotbroken-music.com\/en\/wp-json\/wp\/v2\/pages\/159\/revisions"}],"predecessor-version":[{"id":1128,"href":"https:\/\/bentnotbroken-music.com\/en\/wp-json\/wp\/v2\/pages\/159\/revisions\/1128"}],"wp:featuredmedia":[{"embeddable":true,"href":"https:\/\/bentnotbroken-music.com\/en\/wp-json\/wp\/v2\/media\/685"}],"wp:attachment":[{"href":"https:\/\/bentnotbroken-music.com\/en\/wp-json\/wp\/v2\/media?parent=159"}],"curies":[{"name":"wp","href":"https:\/\/api.w.org\/{rel}","templated":true}]}}